{"id":2,"date":"2015-05-26T17:16:42","date_gmt":"2015-05-26T15:16:42","guid":{"rendered":"http:\/\/suromed.de\/?page_id=2"},"modified":"2025-12-15T21:49:06","modified_gmt":"2025-12-15T20:49:06","slug":"home","status":"publish","type":"page","link":"https:\/\/suromed.de\/","title":{"rendered":"Home"},"content":{"rendered":"<h4 style=\"text-align: center;\"><strong>Neue Sprechzeiten ab Januar 2026<\/strong><\/h4>\n<h5>\n<p style=\"text-align: center;\">Montag-Freitag: 7.30-12.30 Uhr<\/p>\n<\/h5>\n<h5>\n<p style=\"text-align: center;\">Montag u. Donnerstag: 16.00-18.30 Uhr<\/p>\n<\/h5>\n<h5>\n<p style=\"text-align: center;\">Dienstag: 14.00-16.30 Uhr<\/p>\n<p><\/strong><\/h5>\n\n\n\n<div style=\"height:20px\" aria-hidden=\"true\" class=\"wp-block-spacer\"><\/div>\n\n\n\n<hr class=\"wp-block-separator aligncenter has-alpha-channel-opacity is-style-wide\"\/>\n\n\n\n\n<div class=\"shortcode1-2 \"><div class=\"clear\" style=\" height:10px;\" ><\/div>\n<h4 style=\"text-align: justify;\"><strong>Liebe Patientinnen und Patienten,<\/strong><\/h4>\n<p style=\"text-align: justify;\">unser oberstes Ziel ist Ihre Gesundheit und Ihr Wohlbefinden zu erhalten. Daf\u00fcr sind wir nicht nur auf Ihre Mitarbeit sondern auch auf Ihre Anregungen und konstruktive Kritik angewiesen.<br \/>\nDas Verst\u00e4ndnis unserer Praxis beruht auf:<\/p>\n<ul>\n<li style=\"text-align: justify;\">der Wahrnehmung sowohl der k\u00f6rperlichen als auch der seelischen Situation unserer Patienten, h\u00e4ufig in Kenntnis ihres famili\u00e4ren und beruflichen Umfeldes (nicht ein Organ ist krank, sondern der ganze Mensch)<\/li>\n<li style=\"text-align: justify;\">der Wahrung Ihrer Rechte als Patient<\/li>\n<li style=\"text-align: justify;\">der Aufmerksamkeit und Zuwendung sowohl dem Patienten wie auch seinen Angeh\u00f6rigen gegen\u00fcber<\/li>\n<li style=\"text-align: justify;\">dem H\u00f6chstma\u00df an Patientensicherheit<\/li>\n<li style=\"text-align: justify;\">der st\u00e4ndigen Verbesserung unserer Leistungen durch kontinuierliche Fortbildung der \u00e4rztlichen und nicht\u00e4rztlichen Mitarbeiter unserer Praxis<\/li>\n<\/ul>\n<\/div>\n\n\n<div class=\"shortcode1-2 \"><div class=\"clear\" style=\" height:39px;\" ><\/div>\n<p><img loading=\"lazy\" decoding=\"async\" class=\"alignnone size-full wp-image-45\" src=\"https:\/\/suromed.de\/wp-content\/uploads\/2015\/05\/home.jpg\" alt=\"home\" width=\"450\" height=\"295\" srcset=\"https:\/\/suromed.de\/wp-content\/uploads\/2015\/05\/home.jpg 450w, https:\/\/suromed.de\/wp-content\/uploads\/2015\/05\/home-300x197.jpg 300w\" sizes=\"auto, (max-width: 450px) 100vw, 450px\" \/><\/p>\n<\/div>\n\n\n\n<p>Unser Praxis-Team legt gr\u00f6\u00dften Wert auf Vorsorge und Fr\u00fcherkennung um Ihnen auf diese Weise m\u00f6glichst viel Leid und Krankheit zu ersparen.<br>Sollten Sie dennoch erkranken, werden wir alles daran setzen, Ihnen eine gute, sinnvolle und nachhaltige Behandlung und Begleitung zu bieten.<br>Zu diesem Zweck arbeiten wir eng mit kompetenten Kollegen und Krankenh\u00e4usern zusammen.<\/p>\n\n\n<div class=\"shortcode1-3 \"><p><strong>Dr. Armin R\u00fcger<\/strong><br \/>\n(Facharzt f\u00fcr Allgemeinmedizin)<\/p>\n<\/div>\n\n\n<div class=\"shortcode2-3 \"><p><strong>Dr. Agnetha Gunesch<\/strong><br \/>\n(Fach\u00e4rztin f\u00fcr Allgemeinmedizin)<\/p>\n<\/div>\n\n\n\n<p><\/p>\n","protected":false},"excerpt":{"rendered":"<p>Unser Praxis-Team legt gr\u00f6\u00dften Wert auf Vorsorge und Fr\u00fcherkennung um Ihnen auf diese Weise m\u00f6glichst viel Leid und Krankheit zu ersparen.Sollten Sie dennoch erkranken, werden wir alles daran setzen, Ihnen eine gute, sinnvolle und nachhaltige Behandlung und Begleitung zu bieten.Zu diesem Zweck arbeiten wir eng mit kompetenten Kollegen und Krankenh\u00e4usern zusammen.<\/p>\n","protected":false},"author":1,"featured_media":0,"parent":0,"menu_order":0,"comment_status":"open","ping_status":"open","template":"","meta":{"footnotes":""},"class_list":["post-2","page","type-page","status-publish","hentry"],"_links":{"self":[{"href":"https:\/\/suromed.de\/index.php\/wp-json\/wp\/v2\/pages\/2","targetHints":{"allow":["GET"]}}],"collection":[{"href":"https:\/\/suromed.de\/index.php\/wp-json\/wp\/v2\/pages"}],"about":[{"href":"https:\/\/suromed.de\/index.php\/wp-json\/wp\/v2\/types\/page"}],"author":[{"embeddable":true,"href":"https:\/\/suromed.de\/index.php\/wp-json\/wp\/v2\/users\/1"}],"replies":[{"embeddable":true,"href":"https:\/\/suromed.de\/index.php\/wp-json\/wp\/v2\/comments?post=2"}],"version-history":[{"count":102,"href":"https:\/\/suromed.de\/index.php\/wp-json\/wp\/v2\/pages\/2\/revisions"}],"predecessor-version":[{"id":592,"href":"https:\/\/suromed.de\/index.php\/wp-json\/wp\/v2\/pages\/2\/revisions\/592"}],"wp:attachment":[{"href":"https:\/\/suromed.de\/index.php\/wp-json\/wp\/v2\/media?parent=2"}],"curies":[{"name":"wp","href":"https:\/\/api.w.org\/{rel}","templated":true}]}}