{"id":18,"date":"2015-05-26T17:36:06","date_gmt":"2015-05-26T15:36:06","guid":{"rendered":"http:\/\/suromed.de\/?page_id=18"},"modified":"2024-02-14T08:47:10","modified_gmt":"2024-02-14T07:47:10","slug":"vorsorge","status":"publish","type":"page","link":"https:\/\/suromed.de\/index.php\/vorsorge\/","title":{"rendered":"Links"},"content":{"rendered":"\n<h4 class=\"wp-block-heading\"><div class=\"clear\" style=\" height:25px;\" ><\/div><br>Verl\u00e4ssliche Informationen f\u00fcr Ihre Gesundheit<\/h4>\n\n\n\n<p><a href=\"http:\/\/www.gesund.bund.de\" target=\"_blank\" rel=\"noopener\">www.gesund.bund.de<\/a><\/p>\n\n\n\n<p><a href=\"http:\/\/www.gesundheitsinformation.de\" target=\"_blank\" rel=\"noopener\">www.gesundheitsinformation.de<\/a><\/p>\n\n\n\n<h4 class=\"wp-block-heading\"><div class=\"clear\" style=\" height:25px;\" ><\/div><br>Hilfe bei seelischen Krisen<\/h4>\n\n\n\n<p><a href=\"http:\/\/www.krisendienste.bayern\" target=\"_blank\" rel=\"noopener\">www.krisendienste.bayern<\/a><\/p>\n\n\n\n<p><a href=\"https:\/\/www.diakonie-suro.de\/diakonie-vor-ort\/diakonie-in-amberg\/sozialpsychiatrisches-zentrum-spz\/sozialpsychiatrischer-dienst\/\" target=\"_blank\" rel=\"noopener\">Sozialpsychiatrischer Dienst Amberg<\/a><\/p>\n\n\n\n<h4 class=\"wp-block-heading\"><div class=\"clear\" style=\" height:25px;\" ><\/div><br>Selbsthilfegruppen in der Region<\/h4>\n\n\n\n<p><a href=\"https:\/\/www.kreis-as.de\/Gesundheit-Verbraucherschutz\/Gesundheit\/Selbsthilfegruppen\/\" target=\"_blank\" rel=\"noopener\">Selbsthilfegruppen Amberg-Sulzbach<\/a><\/p>\n\n\n\n<h4 class=\"wp-block-heading\"><div class=\"clear\" style=\" height:25px;\" ><\/div><br>Hilfe bei h\u00e4uslicher Gewalt<\/h4>\n\n\n\n<p><a href=\"https:\/\/www.skf-amberg.de\/hilfe-bei-gewalt\/notruf\/\" target=\"_blank\" rel=\"noopener\">Notruf f\u00fcr Frauen und M\u00e4dchen<\/a><\/p>\n","protected":false},"excerpt":{"rendered":"<p>Verl\u00e4ssliche Informationen f\u00fcr Ihre Gesundheit www.gesund.bund.de www.gesundheitsinformation.de Hilfe bei seelischen Krisen www.krisendienste.bayern Sozialpsychiatrischer Dienst Amberg Selbsthilfegruppen in der Region Selbsthilfegruppen Amberg-Sulzbach Hilfe bei h\u00e4uslicher Gewalt Notruf f\u00fcr Frauen und M\u00e4dchen<\/p>\n","protected":false},"author":1,"featured_media":0,"parent":0,"menu_order":0,"comment_status":"open","ping_status":"open","template":"","meta":{"footnotes":""},"class_list":["post-18","page","type-page","status-publish","hentry"],"_links":{"self":[{"href":"https:\/\/suromed.de\/index.php\/wp-json\/wp\/v2\/pages\/18","targetHints":{"allow":["GET"]}}],"collection":[{"href":"https:\/\/suromed.de\/index.php\/wp-json\/wp\/v2\/pages"}],"about":[{"href":"https:\/\/suromed.de\/index.php\/wp-json\/wp\/v2\/types\/page"}],"author":[{"embeddable":true,"href":"https:\/\/suromed.de\/index.php\/wp-json\/wp\/v2\/users\/1"}],"replies":[{"embeddable":true,"href":"https:\/\/suromed.de\/index.php\/wp-json\/wp\/v2\/comments?post=18"}],"version-history":[{"count":17,"href":"https:\/\/suromed.de\/index.php\/wp-json\/wp\/v2\/pages\/18\/revisions"}],"predecessor-version":[{"id":509,"href":"https:\/\/suromed.de\/index.php\/wp-json\/wp\/v2\/pages\/18\/revisions\/509"}],"wp:attachment":[{"href":"https:\/\/suromed.de\/index.php\/wp-json\/wp\/v2\/media?parent=18"}],"curies":[{"name":"wp","href":"https:\/\/api.w.org\/{rel}","templated":true}]}}