{"id":13,"date":"2015-05-26T17:35:23","date_gmt":"2015-05-26T15:35:23","guid":{"rendered":"http:\/\/suromed.de\/?page_id=13"},"modified":"2025-07-16T20:07:03","modified_gmt":"2025-07-16T18:07:03","slug":"praxis","status":"publish","type":"page","link":"https:\/\/suromed.de\/index.php\/praxis\/","title":{"rendered":"Praxis"},"content":{"rendered":"<h4><div class=\"clear\" style=\" height:25px;\" ><\/div><br \/>Praxis<\/h4>\n<p>Unsere Praxis befindet sich in einem Neubau in Sulzbach-Rosenberg. Die 9 Behandlungszimmer sind nach dem neuesten Stand der Technik ausgestattet und erlauben eine ad\u00e4quate medizinische Versorgung unserer Patienten. F\u00fcr weitere Informationen zu unseren R\u00e4umlichkeiten klicken Sie bitte auf das Bild links, wenn sie eine Anfahrtbeschreibung w\u00fcnschen klicken Sie bitte rechts auf die Karte.<\/p>\n<p><div class=\"shortcode1-2 \"><\/p>\n<p><img loading=\"lazy\" decoding=\"async\" class=\"alignnone wp-image-146 size-full\" src=\"https:\/\/suromed.de\/wp-content\/uploads\/2015\/05\/wartezimmer.jpg\" alt=\"Bild des Wartezimmers\" width=\"600\" height=\"400\" srcset=\"https:\/\/suromed.de\/wp-content\/uploads\/2015\/05\/wartezimmer.jpg 600w, https:\/\/suromed.de\/wp-content\/uploads\/2015\/05\/wartezimmer-300x200.jpg 300w\" sizes=\"auto, (max-width: 600px) 100vw, 600px\" \/><\/p>\n<p>\n<\/div><\/p>\n<p><div class=\"shortcode1-2 \"><\/div><\/p>\n<h2><div class=\"clear\" style=\" height:25px;\" ><\/div><br \/>Team<\/h2>\n<p><div class=\"clear\"><\/div><div class=\"gdl-divider\"><div class=\"scroll-top\"><\/div><\/div><\/p>\n<p><div class=\"shortcode1-4 \"><\/p>\n<p><div class=\"shortcode1-4 \"><\/div><img loading=\"lazy\" decoding=\"async\" class=\"alignnone size-full wp-image-197\" src=\"https:\/\/suromed.de\/wp-content\/uploads\/2015\/06\/suromed_praxis_07.jpg\" alt=\"suromed_praxis_07\" width=\"535\" height=\"750\" srcset=\"https:\/\/suromed.de\/wp-content\/uploads\/2015\/06\/suromed_praxis_07.jpg 535w, https:\/\/suromed.de\/wp-content\/uploads\/2015\/06\/suromed_praxis_07-214x300.jpg 214w\" sizes=\"auto, (max-width: 535px) 100vw, 535px\" \/><strong>Dr. Armin R\u00fcger<\/strong>, Facharzt f\u00fcr Allgemeinmedizin<\/p>\n<\/div><\/p>\n<p><div class=\"shortcode1-4 \"><\/p>\n<p><div class=\"shortcode1-4 \"><\/div><img loading=\"lazy\" decoding=\"async\" class=\"alignnone size-full wp-image-364\" src=\"https:\/\/suromed.de\/wp-content\/uploads\/2021\/11\/suromed_praxis_15.jpg\" alt=\"\" width=\"535\" height=\"749\" srcset=\"https:\/\/suromed.de\/wp-content\/uploads\/2021\/11\/suromed_praxis_15.jpg 535w, https:\/\/suromed.de\/wp-content\/uploads\/2021\/11\/suromed_praxis_15-214x300.jpg 214w\" sizes=\"auto, (max-width: 535px) 100vw, 535px\" \/><strong style=\"font-size: inherit;\">Dr. Agnetha Gunesch<\/strong><span style=\"font-size: inherit;\">, Fach\u00e4rztin f\u00fcr Allgemeinmedizin<\/p>\n<\/div><\/span><\/p>\n<p><div class=\"shortcode1-4 \"><\/p>\n<p><div class=\"shortcode1-4 \"><\/div><img loading=\"lazy\" decoding=\"async\" class=\"alignnone size-full wp-image-191\" src=\"https:\/\/suromed.de\/wp-content\/uploads\/2015\/06\/suromed_praxis_01.jpg\" alt=\"suromed_praxis_01\" width=\"536\" height=\"750\" srcset=\"https:\/\/suromed.de\/wp-content\/uploads\/2015\/06\/suromed_praxis_01.jpg 536w, https:\/\/suromed.de\/wp-content\/uploads\/2015\/06\/suromed_praxis_01-214x300.jpg 214w\" sizes=\"auto, (max-width: 536px) 100vw, 536px\" \/><strong>Gudrun Pickel<\/strong><\/p>\n<\/div><\/p>\n<p>\u00a0<\/p>\n<p><div class=\"shortcode1-4 \"><p><img loading=\"lazy\" decoding=\"async\" class=\"alignnone size-full wp-image-198\" src=\"https:\/\/suromed.de\/wp-content\/uploads\/2015\/06\/suromed_praxis_08.jpg\" alt=\"suromed_praxis_08\" width=\"536\" height=\"750\" srcset=\"https:\/\/suromed.de\/wp-content\/uploads\/2015\/06\/suromed_praxis_08.jpg 536w, https:\/\/suromed.de\/wp-content\/uploads\/2015\/06\/suromed_praxis_08-214x300.jpg 214w\" sizes=\"auto, (max-width: 536px) 100vw, 536px\" \/><strong>Petra Seidl<\/strong><\/p>\n<\/div><\/p>\n<p><div class=\"clear\"><\/div><div class=\"gdl-divider\"><div class=\"scroll-top\"><\/div><\/div><div class=\"clear\" style=\" height:25px;\" ><\/div><\/p>\n<p><div class=\"shortcode1-4 \"><p><img loading=\"lazy\" decoding=\"async\" class=\"alignnone size-full wp-image-222\" src=\"https:\/\/suromed.de\/wp-content\/uploads\/2015\/08\/suromed_praxis_09.jpg\" alt=\"suromed_praxis_09\" width=\"536\" height=\"750\" srcset=\"https:\/\/suromed.de\/wp-content\/uploads\/2015\/08\/suromed_praxis_09.jpg 536w, https:\/\/suromed.de\/wp-content\/uploads\/2015\/08\/suromed_praxis_09-214x300.jpg 214w\" sizes=\"auto, (max-width: 536px) 100vw, 536px\" \/><strong>Gabi Schenkl<\/strong><\/p>\n<\/div><\/p>\n<p><div class=\"shortcode1-4 \"><p><img loading=\"lazy\" decoding=\"async\" class=\"alignnone size-full wp-image-192\" src=\"https:\/\/suromed.de\/wp-content\/uploads\/2015\/06\/suromed_praxis_02.jpg\" alt=\"suromed_praxis_02\" width=\"535\" height=\"750\" srcset=\"https:\/\/suromed.de\/wp-content\/uploads\/2015\/06\/suromed_praxis_02.jpg 535w, https:\/\/suromed.de\/wp-content\/uploads\/2015\/06\/suromed_praxis_02-214x300.jpg 214w\" sizes=\"auto, (max-width: 535px) 100vw, 535px\" \/><strong>Anja Franz<\/strong><\/p>\n<\/div><\/p>\n<p><div class=\"shortcode1-4 \"><p><img loading=\"lazy\" decoding=\"async\" class=\"alignnone size-full wp-image-363\" src=\"https:\/\/suromed.de\/wp-content\/uploads\/2021\/11\/suromed_praxis_14.jpg\" alt=\"\" width=\"535\" height=\"749\" srcset=\"https:\/\/suromed.de\/wp-content\/uploads\/2021\/11\/suromed_praxis_14.jpg 535w, https:\/\/suromed.de\/wp-content\/uploads\/2021\/11\/suromed_praxis_14-214x300.jpg 214w\" sizes=\"auto, (max-width: 535px) 100vw, 535px\" \/><strong>Sabine George <\/strong><\/p>\n<\/div><\/p>\n<p><div class=\"shortcode1-4 \"><p><img loading=\"lazy\" decoding=\"async\" class=\"alignnone size-full wp-image-454\" src=\"https:\/\/suromed.de\/wp-content\/uploads\/2023\/08\/suromed_praxis_20.jpg\" alt=\"\" width=\"535\" height=\"749\" srcset=\"https:\/\/suromed.de\/wp-content\/uploads\/2023\/08\/suromed_praxis_20.jpg 535w, https:\/\/suromed.de\/wp-content\/uploads\/2023\/08\/suromed_praxis_20-214x300.jpg 214w\" sizes=\"auto, (max-width: 535px) 100vw, 535px\" \/><strong>Selina B\u00e4r<\/strong><\/p>\n<\/div><\/p>\n<p><div class=\"shortcode1-4 \"><p><img loading=\"lazy\" decoding=\"async\" class=\"alignnone size-full wp-image-455\" src=\"https:\/\/suromed.de\/wp-content\/uploads\/2023\/08\/suromed_praxis_21.jpg\" alt=\"\" width=\"534\" height=\"749\" srcset=\"https:\/\/suromed.de\/wp-content\/uploads\/2023\/08\/suromed_praxis_21.jpg 534w, https:\/\/suromed.de\/wp-content\/uploads\/2023\/08\/suromed_praxis_21-214x300.jpg 214w\" sizes=\"auto, (max-width: 534px) 100vw, 534px\" \/><strong>Judith Morlang<\/strong><\/p>\n<\/div><div class=\"shortcode1-4 \"><p><img loading=\"lazy\" decoding=\"async\" class=\"alignnone size-full wp-image-457\" src=\"https:\/\/suromed.de\/wp-content\/uploads\/2023\/08\/suromed_praxis_23.jpg\" alt=\"\" width=\"535\" height=\"749\" srcset=\"https:\/\/suromed.de\/wp-content\/uploads\/2023\/08\/suromed_praxis_23.jpg 535w, https:\/\/suromed.de\/wp-content\/uploads\/2023\/08\/suromed_praxis_23-214x300.jpg 214w\" sizes=\"auto, (max-width: 535px) 100vw, 535px\" \/><strong>Verena Rabe<\/strong><\/p>\n<\/div><\/p>\n<p>\u00a0<\/p>\n\n","protected":false},"excerpt":{"rendered":"<p>Praxis Unsere Praxis befindet sich in einem Neubau in Sulzbach-Rosenberg. Die 9 Behandlungszimmer sind nach dem neuesten Stand der Technik ausgestattet und erlauben eine ad\u00e4quate medizinische Versorgung unserer Patienten. F\u00fcr weitere Informationen zu unseren R\u00e4umlichkeiten klicken Sie bitte auf das Bild links, wenn sie eine Anfahrtbeschreibung w\u00fcnschen klicken Sie bitte rechts auf die Karte. Team \u00a0 \u00a0<\/p>\n","protected":false},"author":1,"featured_media":0,"parent":0,"menu_order":0,"comment_status":"open","ping_status":"closed","template":"","meta":{"footnotes":""},"class_list":["post-13","page","type-page","status-publish","hentry"],"_links":{"self":[{"href":"https:\/\/suromed.de\/index.php\/wp-json\/wp\/v2\/pages\/13","targetHints":{"allow":["GET"]}}],"collection":[{"href":"https:\/\/suromed.de\/index.php\/wp-json\/wp\/v2\/pages"}],"about":[{"href":"https:\/\/suromed.de\/index.php\/wp-json\/wp\/v2\/types\/page"}],"author":[{"embeddable":true,"href":"https:\/\/suromed.de\/index.php\/wp-json\/wp\/v2\/users\/1"}],"replies":[{"embeddable":true,"href":"https:\/\/suromed.de\/index.php\/wp-json\/wp\/v2\/comments?post=13"}],"version-history":[{"count":80,"href":"https:\/\/suromed.de\/index.php\/wp-json\/wp\/v2\/pages\/13\/revisions"}],"predecessor-version":[{"id":551,"href":"https:\/\/suromed.de\/index.php\/wp-json\/wp\/v2\/pages\/13\/revisions\/551"}],"wp:attachment":[{"href":"https:\/\/suromed.de\/index.php\/wp-json\/wp\/v2\/media?parent=13"}],"curies":[{"name":"wp","href":"https:\/\/api.w.org\/{rel}","templated":true}]}}