{"id":106,"date":"2015-05-26T22:12:48","date_gmt":"2015-05-26T20:12:48","guid":{"rendered":"http:\/\/suromed.de\/?page_id=106"},"modified":"2021-11-07T12:02:36","modified_gmt":"2021-11-07T11:02:36","slug":"online-dienste","status":"publish","type":"page","link":"https:\/\/suromed.de\/index.php\/online-dienste\/","title":{"rendered":"Rezepte"},"content":{"rendered":"<div class=\"clear\" style=\" height:25px;\" ><\/div>\n\n\n\n<h4>Rezepte<\/h4>\n<p><span class=\"s1\">Um <\/span>unn\u00f6tige Wartezeit beim Anfordern von Rezepten\/\u00dcberweisungen zu ersparen, bitten wir Sie nachfolgendes Online-Formular zu verwenden:<\/p>\n\n\n<div class=\"wpforms-container wpforms-container-full wpforms-block\" id=\"wpforms-371\"><form id=\"wpforms-form-371\" class=\"wpforms-validate wpforms-form wpforms-ajax-form\" data-formid=\"371\" method=\"post\" enctype=\"multipart\/form-data\" action=\"\/index.php\/wp-json\/wp\/v2\/pages\/106\" data-token=\"fcbeabf7614c0ccb095eee3ecbd39717\" data-token-time=\"1776651776\"><noscript class=\"wpforms-error-noscript\">Bitte aktiviere JavaScript in deinem Browser, um dieses Formular fertigzustellen.<\/noscript><div class=\"wpforms-field-container\"><div id=\"wpforms-371-field_2-container\" class=\"wpforms-field wpforms-field-name\" data-field-id=\"2\"><label class=\"wpforms-field-label\">Name <span class=\"wpforms-required-label\">*<\/span><\/label><div class=\"wpforms-field-row wpforms-field-medium\"><div class=\"wpforms-field-row-block wpforms-first wpforms-one-half\"><input type=\"text\" id=\"wpforms-371-field_2\" class=\"wpforms-field-name-first wpforms-field-required\" name=\"wpforms[fields][2][first]\" required><label for=\"wpforms-371-field_2\" class=\"wpforms-field-sublabel after\">Vorname<\/label><\/div><div class=\"wpforms-field-row-block wpforms-one-half\"><input type=\"text\" id=\"wpforms-371-field_2-last\" class=\"wpforms-field-name-last wpforms-field-required\" name=\"wpforms[fields][2][last]\" required><label for=\"wpforms-371-field_2-last\" class=\"wpforms-field-sublabel after\">Nachname<\/label><\/div><\/div><\/div><div id=\"wpforms-371-field_4-container\" class=\"wpforms-field wpforms-field-text\" data-field-id=\"4\"><label class=\"wpforms-field-label\" for=\"wpforms-371-field_4\">Geburtsdatum (TT.MM.JJJJ) <span class=\"wpforms-required-label\">*<\/span><\/label><input type=\"text\" id=\"wpforms-371-field_4\" class=\"wpforms-field-medium wpforms-field-required\" name=\"wpforms[fields][4]\" required><\/div><div id=\"wpforms-371-field_3-container\" class=\"wpforms-field wpforms-field-email\" data-field-id=\"3\"><label class=\"wpforms-field-label\" for=\"wpforms-371-field_3\">E-Mail <span class=\"wpforms-required-label\">*<\/span><\/label><input type=\"email\" id=\"wpforms-371-field_3\" class=\"wpforms-field-medium wpforms-field-required\" name=\"wpforms[fields][3]\" spellcheck=\"false\" required><\/div><div id=\"wpforms-371-field_6-container\" class=\"wpforms-field wpforms-field-textarea\" data-field-id=\"6\"><label class=\"wpforms-field-label\" for=\"wpforms-371-field_6\">Rezept \/ \u00dcberweisung <span class=\"wpforms-required-label\">*<\/span><\/label><textarea id=\"wpforms-371-field_6\" class=\"wpforms-field-medium wpforms-field-required\" name=\"wpforms[fields][6]\" required><\/textarea><div class=\"wpforms-field-description\">Geben Sie bitte lhr gew\u00fcnschtes Medikament mit Wirkst\u00e4rke und Menge (zum Beispiel: Amlodipin 5 mg\u00a0Tabletten 100 St\u00fcck), oder lhren \u00dcberweisungswunsch mit Fachrichtung und \u00dcberweisungsgrund (zum Beispiel: Orthop\u00e4die wegen Kreuzschmerzen) an.<\/div><\/div><div id=\"wpforms-371-field_5-container\" class=\"wpforms-field wpforms-field-checkbox\" data-field-id=\"5\"><label class=\"wpforms-field-label\">Wurde die Gesundheitskarte in diesem Quartal bereits eingelesen? <span class=\"wpforms-required-label\">*<\/span><\/label><ul id=\"wpforms-371-field_5\" class=\"wpforms-field-required\"><li class=\"choice-1 depth-1\"><input type=\"checkbox\" id=\"wpforms-371-field_5_1\" name=\"wpforms[fields][5][]\" value=\"Ja\" required ><label class=\"wpforms-field-label-inline\" for=\"wpforms-371-field_5_1\">Ja<\/label><\/li><\/ul><div class=\"wpforms-field-description\">Sollte die Karte dieses Quartal noch nicht eingelesen worden sein, m\u00fcssen Sie die Rezepte vor Ort bestellen. Dies kann mit Wartezeit verbunden sein.<\/div><\/div><\/div><!-- .wpforms-field-container --><div class=\"wpforms-submit-container\" ><input type=\"hidden\" name=\"wpforms[id]\" value=\"371\"><input type=\"hidden\" name=\"page_title\" value=\"\"><input type=\"hidden\" name=\"page_url\" value=\"https:\/\/suromed.de\/index.php\/wp-json\/wp\/v2\/pages\/106\"><input type=\"hidden\" name=\"url_referer\" value=\"\"><button type=\"submit\" name=\"wpforms[submit]\" id=\"wpforms-submit-371\" class=\"wpforms-submit\" data-alt-text=\"Senden...\" data-submit-text=\"Absenden\" aria-live=\"assertive\" value=\"wpforms-submit\">Absenden<\/button><img loading=\"lazy\" decoding=\"async\" src=\"https:\/\/suromed.de\/wp-content\/plugins\/wpforms-lite\/assets\/images\/submit-spin.svg\" class=\"wpforms-submit-spinner\" style=\"display: none;\" width=\"26\" height=\"26\" alt=\"Wird geladen\"><\/div><\/form><\/div>  <!-- .wpforms-container -->\n\n\n<p><strong>Die Rezeptbestellungen und \u00dcberweisungsw\u00fcnsche werden von unserem Team bearbeitet und von unseren \u00c4rzten \u00fcberpr\u00fcft. Die erstellten Rezepte und \u00dcberweisungen k\u00f6nnen Sie am Folgetag bei uns abholen: Am Montag, Dienstag und Donnerstag ab 16:00 Uhr, am Mittwoch und Freitag ab 11:00 Uhr.<\/strong><\/p>\n\n\n<hr \/>\n<p><div class=\"clear\" style=\" height:25px;\" ><\/div><\/p>\n<p class=\"p1\">Alternativ haben Sie die M\u00f6glichkeit nachfolgendes Formular auszudrucken und in unseren Briefkasten zu werfen:<\/p>\n<p><strong><em><a href=\"https:\/\/suromed.de\/wp-content\/uploads\/2021\/01\/20210110_suromed_rezept_formular.pdf\" target=\"_blank\" rel=\"noopener noreferrer\">Formular Rezept \/ \u00dcberweisung\u00a0<\/a><\/em><\/strong><\/p>\n<hr \/>\n<p><div class=\"clear\" style=\" height:25px;\" ><\/div><\/p>\n<p class=\"p1\">Als dritte M\u00f6glichkeit k\u00f6nnen Sie Rezepte und \u00dcberweisungen \u00fcber eine\u00a0<span class=\"s1\">E-Mail an\u00a0<\/span><a href=\"mailto:rezept@suromed.de\"><strong>rezept@suromed.de<\/strong><\/a> <span class=\"s2\">anfordern.<\/span><\/p>\n<p class=\"p1\"><strong>Hierzu ben\u00f6tigen wir folgende Angaben:<\/strong><\/p>\n<p class=\"p1\">1<span class=\"s1\">. <\/span>lhren Name, Vorname, Geburtsdatum<\/p>\n<p class=\"p1\">2. lhr gew\u00fcnschtes Medikament mit Wirkst\u00e4rke und Menge (zum Beispiel: Amlodipin 5 mg\u00a0Tabletten 100 St\u00fcck<span class=\"s1\">)<\/span><\/p>\n<p class=\"p1\">3. lhren \u00dcberweisungswunsch mit Fachrichtung und \u00dcberweisungsgrund (zum Beispiel<span class=\"s1\">: <\/span>Orthop\u00e4die wegen Kreuzschmerzen)<span class=\"s1\">.<\/span><\/p>\n<p class=\"p1\">Die erstellten Rezepte und \u00dcberweisungen k\u00f6nnen Sie dann am <strong>Folgetag<\/strong> bei uns abholen: <span style=\"font-size: inherit;\">Am Montag<\/span><span class=\"s1\" style=\"font-size: inherit;\">, <\/span><span style=\"font-size: inherit;\">Dienstag und Donnerstag ab 16:00 Uhr, am Mittwoch und Freitag ab 11:00 Uhr<\/span><span class=\"s1\" style=\"font-size: inherit;\">.<\/span><\/p>\n<p class=\"p1\"><strong>Bitte ber\u00fccksichtigen Sie<span class=\"s1\">, <\/span>dass wir Rezepte und \u00dcberweisungen nur ausstellen k\u00f6nnen<span class=\"s1\">, <\/span>wenn ihre Krankenkassenkarte f\u00fcr das aktuelle Quartal bei uns bereits eingelesen is<span class=\"s1\">t.<\/span><\/strong><\/p>\n\n","protected":false},"excerpt":{"rendered":"<p>Die Rezeptbestellungen und \u00dcberweisungsw\u00fcnsche werden von unserem Team bearbeitet und von unseren \u00c4rzten \u00fcberpr\u00fcft. Die erstellten Rezepte und \u00dcberweisungen k\u00f6nnen Sie am Folgetag bei uns abholen: Am Montag, Dienstag und Donnerstag ab 16:00 Uhr, am Mittwoch und Freitag ab 11:00 Uhr. Alternativ haben Sie die M\u00f6glichkeit nachfolgendes Formular auszudrucken und in unseren Briefkasten zu werfen: Formular Rezept \/ \u00dcberweisung\u00a0 Als dritte M\u00f6glichkeit k\u00f6nnen Sie Rezepte und \u00dcberweisungen \u00fcber eine\u00a0E-Mail an\u00a0rezept@suromed.de anfordern. Hierzu ben\u00f6tigen wir folgende Angaben: 1. lhren Name, Vorname, Geburtsdatum 2. lhr gew\u00fcnschtes Medikament mit Wirkst\u00e4rke und Menge (zum Beispiel: Amlodipin 5 mg\u00a0Tabletten 100 St\u00fcck) 3. lhren \u00dcberweisungswunsch mit Fachrichtung und \u00dcberweisungsgrund (zum Beispiel: Orthop\u00e4die wegen Kreuzschmerzen). Die erstellten Rezepte und \u00dcberweisungen k\u00f6nnen Sie dann am Folgetag bei uns abholen: Am Montag, Dienstag und Donnerstag ab 16:00 Uhr, am Mittwoch und Freitag ab 11:00 Uhr. Bitte ber\u00fccksichtigen Sie, dass wir Rezepte und \u00dcberweisungen nur ausstellen k\u00f6nnen, wenn ihre Krankenkassenkarte f\u00fcr das aktuelle Quartal bei uns bereits eingelesen ist.<\/p>\n","protected":false},"author":1,"featured_media":0,"parent":0,"menu_order":0,"comment_status":"open","ping_status":"open","template":"","meta":{"footnotes":""},"class_list":["post-106","page","type-page","status-publish","hentry"],"_links":{"self":[{"href":"https:\/\/suromed.de\/index.php\/wp-json\/wp\/v2\/pages\/106","targetHints":{"allow":["GET"]}}],"collection":[{"href":"https:\/\/suromed.de\/index.php\/wp-json\/wp\/v2\/pages"}],"about":[{"href":"https:\/\/suromed.de\/index.php\/wp-json\/wp\/v2\/types\/page"}],"author":[{"embeddable":true,"href":"https:\/\/suromed.de\/index.php\/wp-json\/wp\/v2\/users\/1"}],"replies":[{"embeddable":true,"href":"https:\/\/suromed.de\/index.php\/wp-json\/wp\/v2\/comments?post=106"}],"version-history":[{"count":18,"href":"https:\/\/suromed.de\/index.php\/wp-json\/wp\/v2\/pages\/106\/revisions"}],"predecessor-version":[{"id":428,"href":"https:\/\/suromed.de\/index.php\/wp-json\/wp\/v2\/pages\/106\/revisions\/428"}],"wp:attachment":[{"href":"https:\/\/suromed.de\/index.php\/wp-json\/wp\/v2\/media?parent=106"}],"curies":[{"name":"wp","href":"https:\/\/api.w.org\/{rel}","templated":true}]}}