{"id":10,"date":"2015-05-26T17:34:37","date_gmt":"2015-05-26T15:34:37","guid":{"rendered":"http:\/\/suromed.de\/?page_id=10"},"modified":"2021-10-04T20:32:29","modified_gmt":"2021-10-04T18:32:29","slug":"unsere-leistungen","status":"publish","type":"page","link":"https:\/\/suromed.de\/index.php\/unsere-leistungen\/","title":{"rendered":"Leistungen"},"content":{"rendered":"\n<h4 class=\"wp-block-heading\"><div class=\"clear\" style=\" height:25px;\" ><\/div><br>Unsere Leistungen<\/h4>\n\n\n\n<p>Wir bieten das gesamte moderne Leistungsspektrum einer gro\u00dfen allgemein\u00e4rztlichen Hausarztpraxis. <br><\/p>\n\n\n\n<br><\/br>\n\n\n\n<h6 class=\"wp-block-heading\">1. Vorsorge, Fr\u00fcherkennung und Risikoscreening<\/h6>\n\n\n\n<p>Unter <strong>Vorsorge<\/strong> versteht man medizinische Ma\u00dfnahmen mit dem Ziel eine Erkrankung nicht entstehen zu lassen (z.B. Lebensstil, Impfungen), unter <strong>Fr\u00fcherkennung<\/strong> versteht man medizinische Ma\u00dfnahmen zur Erkennung von Krankheiten die sich in einem Vor- oder Fr\u00fchstadium befinden. Ein <strong>Erkrankungsrisiko<\/strong> ist eine pers\u00f6nliche Wahrscheinlichkeit irgendwann im Leben an einer bestimmten Erkrankung zu leiden. Einen Teil des Erkrankungsrisikos kann man nicht beeinflussen (z.B. Alter und famili\u00e4res Risiko) andere Risikofaktoren k\u00f6nnen Sie beeinflussen (z.B. Rauchen, \u00dcbergewicht, Bewegung und gesunde Ern\u00e4hrung).<\/p>\n\n\n\n<p>Unser Leistungsangebot diesbez\u00fcglich:<\/p>\n\n\n\n<ul>\n<li>Kinder und Jugendlichen- Vorsorgeuntersuchungen U3-U9 sowie J1<\/li>\n<li>Gesundheitsuntersuchung ab 35 Jahre (alle 3 Jahre m\u00f6glich)<\/li>\n<li>Krebsvorsorgeuntersuchungen des Mannes ab 45 Jahren (jedes Jahr m\u00f6glich)<\/li>\n<li>Hautkrebs-Screening (alle 2 Jahre)<\/li>\n<li>Impfberatung und Durchf\u00fchrung von Impfungen<\/li>\n<li>Jugendgesundheitsuntersuchungen 1 und 2 (von Beginn der Ausbildung bzw. nach dem ersten Ausbildungsjahr)<\/li>\n<li>ern\u00e4hrungsmedizinische und reisemedizinische Beratung (Dr. R\u00fcger) als Selbstzahlerleistung (da gr\u00f6\u00dftenteils keine Leistung der gesetzlichen Krankenkassen)<\/li>\n<li>Sporttauglichkeitsuntersuchungen<\/li>\n<li>Tauchtauglichkeitsuntersuchungen<\/li>\n<\/ul>\n\n\n\n<p><br><\/br><\/p>\n\n\n\n<h6 class=\"wp-block-heading\">2. Unser Diagnostisches Leistungsspektrum<\/h6>\n\n\n\n<p>ist umfangreich und gestattet das rasche Erkennen vieler g\u00e4ngiger Krankheiten:<\/p>\n\n\n\n<ul class=\"wp-block-list\"><li>EKG<\/li><li>Belastungs-EKG<\/li><li>Langzeit-EKG \u00fcber 18-24 h (Durchf\u00fchrung und computergest\u00fctzte Auswertung)<\/li><li>Ultraschalluntersuchungen des Bauchraumes und der Schilddr\u00fcse<\/li><li>Ultraschalluntersuchungen der Urogenitalorgane<\/li><li>CW-Doppler-Untersuchungen der Arm- und Beinarterien sowie -venen<\/li><li>Labordiagnostik (einschlie\u00dflich Blutzuckermessungen in der Praxis sowie Schnelltest zur Erkennung eines akuten Herzinfarkts bzw. zum Ausschluss einer Thrombose und\/oder Lungenembolie)<\/li><li>Langzeitblutdruckmessung \u00fcber 24 h<\/li><li>Lungenfunktionsuntersuchungen<\/li><li>Urin- und Stuhluntersuchungen (Urinsofortuntersuchung mittels Testst\u00e4bchen in der Praxis, mikrobiologische Urin-und Stuhluntersuchungen im Fremdlabor) <\/li><\/ul>\n\n\n\n<p><br><\/br><\/p>\n\n\n\n<h6 class=\"wp-block-heading\">3. Aus unseren allgemein\u00e4rztlichen Behandlungs-und Betreuungsangebot sind besonders erw\u00e4hnenswert:<\/h6>\n\n\n\n<ul class=\"wp-block-list\"><li style=\"padding-left: 10px;\">Behandlung des diabetischen Fu\u00dfsyndroms (Dr. R\u00fcger)<\/li><li style=\"padding-left: 10px;\">Betreuung von Patienten in mehreren Senioren-und Pflegeheimen<\/li><li style=\"padding-left: 10px;\">Kleinchirurgische Eingriffe (Dr. R\u00fcger)<\/li><li style=\"padding-left: 10px;\">Desensibilisierung bei Allergien (nach Diagnostik und Indikationsstellung beim Allergologen)<\/li><li style=\"padding-left: 10px;\">Di\u00e4tberatung<\/li><li style=\"padding-left: 10px;\">Diabetes-Betreuung, -Beratungen und -Schulungen<\/li><li style=\"padding-left: 10px;\">Gesundheitsberatungen<\/li><li style=\"padding-left: 10px;\">Koordination bei speziellen gesundheitlichen Fragestellungen (z.B. Pflegeorganisation)<\/li><li style=\"padding-left: 10px;\">Impfungen<\/li><li style=\"padding-left: 10px;\">Naturheilverfahren (Dr. R\u00fcger)<\/li><li style=\"padding-left: 10px;\">psychosomatische Grundversorgung<\/li><li style=\"padding-left: 10px;\">Sportmedizin (Dr. R\u00fcger)<\/li><li style=\"padding-left: 10px;\">palliativmedizinische haus\u00e4rztliche Grundversorgung<\/li><li style=\"padding-left: 10px;\">Hausbesuche<\/li><li style=\"padding-left: 10px;\">Hausbesuche mit Durchf\u00fchrung von delegierbaren medizinischen Leistungen durch eine speziell geschulte und staatlich gepr\u00fcfte medizinische Fachangestellte (unsere Mitarbeiterin Frau Petra Seidl besitzt die Zusatzqualifikation VERAH (Versorgungsassistentin in der Hausarztpraxis) und N\u00e4Pa (Nicht-\u00e4rztliche Praxisassistentin).<\/li><\/ul>\n","protected":false},"excerpt":{"rendered":"<p>Unsere Leistungen Wir bieten das gesamte moderne Leistungsspektrum einer gro\u00dfen allgemein\u00e4rztlichen Hausarztpraxis. 1. Vorsorge, Fr\u00fcherkennung und Risikoscreening Unter Vorsorge versteht man medizinische Ma\u00dfnahmen mit dem Ziel eine Erkrankung nicht entstehen zu lassen (z.B. Lebensstil, Impfungen), unter Fr\u00fcherkennung versteht man medizinische Ma\u00dfnahmen zur Erkennung von Krankheiten die sich in einem Vor- oder Fr\u00fchstadium befinden. Ein Erkrankungsrisiko ist eine pers\u00f6nliche Wahrscheinlichkeit irgendwann im Leben an einer bestimmten Erkrankung zu leiden. Einen Teil des Erkrankungsrisikos kann man nicht beeinflussen (z.B. Alter und famili\u00e4res Risiko) andere Risikofaktoren k\u00f6nnen Sie beeinflussen (z.B. Rauchen, \u00dcbergewicht, Bewegung und gesunde Ern\u00e4hrung). Unser Leistungsangebot diesbez\u00fcglich: 2. Unser Diagnostisches Leistungsspektrum ist umfangreich und gestattet das rasche Erkennen vieler g\u00e4ngiger Krankheiten: EKG Belastungs-EKG Langzeit-EKG \u00fcber 18-24 h (Durchf\u00fchrung und computergest\u00fctzte Auswertung) Ultraschalluntersuchungen des Bauchraumes und der Schilddr\u00fcse Ultraschalluntersuchungen der Urogenitalorgane CW-Doppler-Untersuchungen der Arm- und Beinarterien sowie -venen Labordiagnostik (einschlie\u00dflich Blutzuckermessungen in der Praxis sowie Schnelltest zur Erkennung eines akuten Herzinfarkts bzw. zum Ausschluss einer Thrombose und\/oder Lungenembolie) Langzeitblutdruckmessung \u00fcber 24 h Lungenfunktionsuntersuchungen Urin- und Stuhluntersuchungen (Urinsofortuntersuchung mittels Testst\u00e4bchen in der Praxis, mikrobiologische Urin-und Stuhluntersuchungen im Fremdlabor) 3. Aus unseren allgemein\u00e4rztlichen Behandlungs-und Betreuungsangebot sind besonders erw\u00e4hnenswert: Behandlung des diabetischen Fu\u00dfsyndroms (Dr. R\u00fcger) Betreuung von Patienten in mehreren Senioren-und Pflegeheimen Kleinchirurgische Eingriffe (Dr. R\u00fcger) Desensibilisierung bei Allergien (nach Diagnostik und Indikationsstellung beim Allergologen) Di\u00e4tberatung Diabetes-Betreuung, -Beratungen und -Schulungen Gesundheitsberatungen Koordination bei speziellen gesundheitlichen Fragestellungen (z.B. Pflegeorganisation) Impfungen Naturheilverfahren (Dr. R\u00fcger) psychosomatische Grundversorgung Sportmedizin (Dr. R\u00fcger) palliativmedizinische haus\u00e4rztliche Grundversorgung Hausbesuche Hausbesuche mit Durchf\u00fchrung von delegierbaren medizinischen Leistungen durch eine speziell geschulte und staatlich gepr\u00fcfte medizinische Fachangestellte (unsere Mitarbeiterin Frau Petra Seidl besitzt die Zusatzqualifikation VERAH (Versorgungsassistentin in der Hausarztpraxis) und N\u00e4Pa (Nicht-\u00e4rztliche Praxisassistentin).<\/p>\n","protected":false},"author":1,"featured_media":0,"parent":0,"menu_order":0,"comment_status":"open","ping_status":"open","template":"","meta":{"footnotes":""},"class_list":["post-10","page","type-page","status-publish","hentry"],"_links":{"self":[{"href":"https:\/\/suromed.de\/index.php\/wp-json\/wp\/v2\/pages\/10","targetHints":{"allow":["GET"]}}],"collection":[{"href":"https:\/\/suromed.de\/index.php\/wp-json\/wp\/v2\/pages"}],"about":[{"href":"https:\/\/suromed.de\/index.php\/wp-json\/wp\/v2\/types\/page"}],"author":[{"embeddable":true,"href":"https:\/\/suromed.de\/index.php\/wp-json\/wp\/v2\/users\/1"}],"replies":[{"embeddable":true,"href":"https:\/\/suromed.de\/index.php\/wp-json\/wp\/v2\/comments?post=10"}],"version-history":[{"count":33,"href":"https:\/\/suromed.de\/index.php\/wp-json\/wp\/v2\/pages\/10\/revisions"}],"predecessor-version":[{"id":344,"href":"https:\/\/suromed.de\/index.php\/wp-json\/wp\/v2\/pages\/10\/revisions\/344"}],"wp:attachment":[{"href":"https:\/\/suromed.de\/index.php\/wp-json\/wp\/v2\/media?parent=10"}],"curies":[{"name":"wp","href":"https:\/\/api.w.org\/{rel}","templated":true}]}}